{"id":382,"date":"2020-10-21T07:59:19","date_gmt":"2020-10-21T05:59:19","guid":{"rendered":"https:\/\/tactilab.org\/?page_id=382"},"modified":"2026-01-08T14:55:46","modified_gmt":"2026-01-08T13:55:46","slug":"professionnels","status":"publish","type":"page","link":"https:\/\/tactilab.org\/index.php\/professionnels\/","title":{"rendered":"Professionnels"},"content":{"rendered":"\t\t<div data-elementor-type=\"wp-page\" data-elementor-id=\"382\" class=\"elementor elementor-382\">\n\t\t\t\t\t\t<section class=\"elementor-section elementor-top-section elementor-element elementor-element-530f5d3 elementor-section-boxed elementor-section-height-default elementor-section-height-default\" data-id=\"530f5d3\" data-element_type=\"section\" data-e-type=\"section\">\n\t\t\t\t\t\t<div class=\"elementor-container elementor-column-gap-default\">\n\t\t\t\t\t<div class=\"elementor-column elementor-col-100 elementor-top-column elementor-element elementor-element-1765b47\" data-id=\"1765b47\" data-element_type=\"column\" data-e-type=\"column\">\n\t\t\t<div class=\"elementor-widget-wrap elementor-element-populated\">\n\t\t\t\t\t\t<div class=\"elementor-element elementor-element-b4e7f5e elementor-widget elementor-widget-text-editor\" data-id=\"b4e7f5e\" data-element_type=\"widget\" data-e-type=\"widget\" data-widget_type=\"text-editor.default\">\n\t\t\t\t<div class=\"elementor-widget-container\">\n\t\t\t\t\t\t\t\t\t<p>Au TactiLab, tous.tes les professionnels.les peuvent venir concevoir, prototyper et fabriquer des objets dans le respect de <a href=\"https:\/\/fab.cba.mit.edu\/about\/charter\/\">la charte des FabLabs<\/a>.<\/p>\t\t\t\t\t\t\t\t<\/div>\n\t\t\t\t<\/div>\n\t\t\t\t\t<\/div>\n\t\t<\/div>\n\t\t\t\t\t<\/div>\n\t\t<\/section>\n\t\t\t\t<section class=\"elementor-section elementor-top-section elementor-element elementor-element-2d428a0 elementor-section-boxed elementor-section-height-default elementor-section-height-default\" data-id=\"2d428a0\" data-element_type=\"section\" data-e-type=\"section\">\n\t\t\t\t\t\t<div class=\"elementor-container elementor-column-gap-default\">\n\t\t\t\t\t<div class=\"elementor-column elementor-col-100 elementor-top-column elementor-element elementor-element-5f8cc8e\" data-id=\"5f8cc8e\" data-element_type=\"column\" data-e-type=\"column\">\n\t\t\t<div class=\"elementor-widget-wrap elementor-element-populated\">\n\t\t\t\t\t\t<div class=\"elementor-element elementor-element-cd69e1d elementor-widget-divider--separator-type-pattern elementor-widget-divider--view-line elementor-widget elementor-widget-divider\" data-id=\"cd69e1d\" data-element_type=\"widget\" data-e-type=\"widget\" data-widget_type=\"divider.default\">\n\t\t\t\t<div class=\"elementor-widget-container\">\n\t\t\t\t\t\t\t<div class=\"elementor-divider\" style=\"--divider-pattern-url: url(&quot;data:image\/svg+xml,%3Csvg xmlns=&#039;http:\/\/www.w3.org\/2000\/svg&#039; preserveAspectRatio=&#039;none&#039; overflow=&#039;visible&#039; height=&#039;100%&#039; viewBox=&#039;0 0 24 24&#039; fill=&#039;black&#039; stroke=&#039;none&#039;%3E%3Cpath d=&#039;M12.7,2.3c-0.4-0.4-1.1-0.4-1.5,0l-8,9.1c-0.3,0.4-0.3,0.9,0,1.2l8,9.1c0.4,0.4,1.1,0.4,1.5,0l8-9.1c0.3-0.4,0.3-0.9,0-1.2L12.7,2.3z&#039;\/%3E%3C\/svg%3E&quot;);\">\n\t\t\t<span class=\"elementor-divider-separator\">\n\t\t\t\t\t\t<\/span>\n\t\t<\/div>\n\t\t\t\t\t\t<\/div>\n\t\t\t\t<\/div>\n\t\t\t\t\t<\/div>\n\t\t<\/div>\n\t\t\t\t\t<\/div>\n\t\t<\/section>\n\t\t\t\t<section class=\"elementor-section elementor-top-section elementor-element elementor-element-348d3bb elementor-section-stretched elementor-section-boxed elementor-section-height-default elementor-section-height-default\" data-id=\"348d3bb\" data-element_type=\"section\" data-e-type=\"section\" data-settings=\"{&quot;stretch_section&quot;:&quot;section-stretched&quot;}\">\n\t\t\t\t\t\t<div class=\"elementor-container elementor-column-gap-default\">\n\t\t\t\t\t<div class=\"elementor-column elementor-col-50 elementor-top-column elementor-element elementor-element-d8039ad\" data-id=\"d8039ad\" data-element_type=\"column\" data-e-type=\"column\">\n\t\t\t<div class=\"elementor-widget-wrap elementor-element-populated\">\n\t\t\t\t\t\t<div class=\"elementor-element elementor-element-46bd1ee elementor-widget elementor-widget-heading\" data-id=\"46bd1ee\" data-element_type=\"widget\" data-e-type=\"widget\" data-widget_type=\"heading.default\">\n\t\t\t\t<div class=\"elementor-widget-container\">\n\t\t\t\t\t<div class=\"elementor-heading-title elementor-size-default\">Les actions<\/div>\t\t\t\t<\/div>\n\t\t\t\t<\/div>\n\t\t\t\t<div class=\"elementor-element elementor-element-34dcf8e elementor-widget elementor-widget-text-editor\" data-id=\"34dcf8e\" data-element_type=\"widget\" data-e-type=\"widget\" data-widget_type=\"text-editor.default\">\n\t\t\t\t<div class=\"elementor-widget-container\">\n\t\t\t\t\t\t\t\t\t<p>L&rsquo;\u00e9quipe du TactiLab intervient dans le cadre de la d\u00e9couverte et de la sensibilisation autour de la fabrication num\u00e9rique.<\/p>\n<p><!-- \/wp:paragraph --><!-- wp:paragraph --><\/p>\n<p>Nous sommes aptes \u00e0 proposer :<\/p>\n<p><!-- \/wp:paragraph --><!-- wp:list --><\/p>\n<ul>\n<li>Des formations professionnelles : Le TactiLab permet l&rsquo;apprentissage de logiciels libres de dessins 2D et 3D.<\/li>\n<li>Un accompagnement de projet personnalis\u00e9<\/li>\n<li>Des <a href=\"https:\/\/tactilab.org\/index.php\/groupes\/\">Accueil de groupes<\/a><\/li>\n<li>Des s\u00e9ances au TactiLab ou hors les murs<\/li>\n<\/ul>\t\t\t\t\t\t\t\t<\/div>\n\t\t\t\t<\/div>\n\t\t\t\t\t<\/div>\n\t\t<\/div>\n\t\t\t\t<div class=\"elementor-column elementor-col-50 elementor-top-column elementor-element elementor-element-a3aefcd\" data-id=\"a3aefcd\" data-element_type=\"column\" data-e-type=\"column\">\n\t\t\t<div class=\"elementor-widget-wrap elementor-element-populated\">\n\t\t\t\t\t\t<div class=\"elementor-element elementor-element-0043e23 elementor-widget elementor-widget-heading\" data-id=\"0043e23\" data-element_type=\"widget\" data-e-type=\"widget\" data-widget_type=\"heading.default\">\n\t\t\t\t<div class=\"elementor-widget-container\">\n\t\t\t\t\t<div class=\"elementor-heading-title elementor-size-default\">Les avantages<\/div>\t\t\t\t<\/div>\n\t\t\t\t<\/div>\n\t\t\t\t<div class=\"elementor-element elementor-element-5abb1fd elementor-widget elementor-widget-text-editor\" data-id=\"5abb1fd\" data-element_type=\"widget\" data-e-type=\"widget\" data-widget_type=\"text-editor.default\">\n\t\t\t\t<div class=\"elementor-widget-container\">\n\t\t\t\t\t\t\t\t\t<p>Au TactiLab nous donnons l&rsquo;acc\u00e8s \u00e0 l\u2019ensemble des machines, aux logiciels et aux ressources partag\u00e9es qui permet de faire avancer divers projets.<\/p>\n<p><!-- \/wp:paragraph --><!-- wp:paragraph --><\/p>\n<p>Accompagn\u00e9 ou en autonomie, l&rsquo;espace de travail est profitable pour :<\/p>\n<p><!-- \/wp:paragraph --><!-- wp:list --><\/p>\n<ul>\n<li>Acc\u00e9der \u00e0 l\u2019ensemble des outils num\u00e9riques<\/li>\n<li>Prototyper de nouveaux projets<\/li>\n<li>Acqu\u00e9rir des comp\u00e9tences sur les logiciels et machines<\/li>\n<li>Tester les diff\u00e9rentes m\u00e9thodes de fabrication et \u00e9valuer les rendus<\/li>\n<li>Faire la connaissance de partenaires<\/li>\n<li>Partager vos exp\u00e9riences<\/li>\n<li>Contribuer \u00e0 l&rsquo;enrichissement des ressources du TactiLab<\/li>\n<\/ul>\n<p><!-- \/wp:list --><!-- wp:paragraph --><\/p>\n<p>Sur le <a href=\"http:\/\/tactilab.shoutwiki.com\/wiki\/Accueil\">wiki du TactiLab<\/a>, nous proposons l&rsquo;acc\u00e8s \u00e0 l\u2019ensemble des ressources du FabLab pr\u00e9sent\u00e9es : machines, mat\u00e9riels, mat\u00e9riaux, documentation sur les projets r\u00e9alis\u00e9s.<\/p>\n<p><!-- \/wp:paragraph --><!-- wp:paragraph --><\/p>\n<p>Les informations sur les modalit\u00e9s d&rsquo;accompagnement du TactiLab sont disponibles dans la page <a href=\"https:\/\/tactilab.org\/index.php\/informations-pratiques\/\" target=\"_blank\" rel=\"noreferrer noopener\">Infos pratiques<\/a>.<\/p>\t\t\t\t\t\t\t\t<\/div>\n\t\t\t\t<\/div>\n\t\t\t\t\t<\/div>\n\t\t<\/div>\n\t\t\t\t\t<\/div>\n\t\t<\/section>\n\t\t\t\t<section class=\"elementor-section elementor-top-section elementor-element elementor-element-6c96369 elementor-section-stretched elementor-section-boxed elementor-section-height-default elementor-section-height-default\" data-id=\"6c96369\" data-element_type=\"section\" data-e-type=\"section\" data-settings=\"{&quot;stretch_section&quot;:&quot;section-stretched&quot;}\">\n\t\t\t\t\t\t<div class=\"elementor-container elementor-column-gap-default\">\n\t\t\t\t\t<div class=\"elementor-column elementor-col-100 elementor-top-column elementor-element elementor-element-434ff91\" data-id=\"434ff91\" data-element_type=\"column\" data-e-type=\"column\">\n\t\t\t<div class=\"elementor-widget-wrap elementor-element-populated\">\n\t\t\t\t\t\t<div class=\"elementor-element elementor-element-5842ccc elementor-arrows-position-inside elementor-pagination-position-outside elementor-widget elementor-widget-image-carousel\" data-id=\"5842ccc\" data-element_type=\"widget\" data-e-type=\"widget\" data-settings=\"{&quot;navigation&quot;:&quot;both&quot;,&quot;autoplay&quot;:&quot;yes&quot;,&quot;pause_on_hover&quot;:&quot;yes&quot;,&quot;pause_on_interaction&quot;:&quot;yes&quot;,&quot;autoplay_speed&quot;:5000,&quot;infinite&quot;:&quot;yes&quot;,&quot;speed&quot;:500,&quot;image_spacing_custom&quot;:{&quot;unit&quot;:&quot;px&quot;,&quot;size&quot;:20,&quot;sizes&quot;:[]},&quot;image_spacing_custom_tablet&quot;:{&quot;unit&quot;:&quot;px&quot;,&quot;size&quot;:&quot;&quot;,&quot;sizes&quot;:[]},&quot;image_spacing_custom_mobile&quot;:{&quot;unit&quot;:&quot;px&quot;,&quot;size&quot;:&quot;&quot;,&quot;sizes&quot;:[]}}\" data-widget_type=\"image-carousel.default\">\n\t\t\t\t<div class=\"elementor-widget-container\">\n\t\t\t\t\t\t\t<div class=\"elementor-image-carousel-wrapper swiper\" role=\"region\" aria-roledescription=\"carousel\" aria-label=\"Carrousel d\u2019images\" dir=\"ltr\">\n\t\t\t<div class=\"elementor-image-carousel swiper-wrapper\" aria-live=\"off\">\n\t\t\t\t\t\t\t\t<div class=\"swiper-slide\" role=\"group\" aria-roledescription=\"slide\" aria-label=\"1 sur 4\"><figure class=\"swiper-slide-inner\"><img decoding=\"async\" class=\"swiper-slide-image\" src=\"https:\/\/tactilab.org\/wp-content\/uploads\/2020\/12\/89591673b37f34a57cbd1d463c7778d5_preview_featured.jpg\" alt=\"Maquette d\u2019un avion\" \/><figcaption class=\"elementor-image-carousel-caption\">Maquette d\u2019un avion<\/figcaption><\/figure><\/div><div class=\"swiper-slide\" role=\"group\" aria-roledescription=\"slide\" aria-label=\"2 sur 4\"><figure class=\"swiper-slide-inner\"><img decoding=\"async\" class=\"swiper-slide-image\" src=\"https:\/\/tactilab.org\/wp-content\/uploads\/2020\/12\/IMG_20201118_102553-830x1024.jpg\" alt=\"Scanner 3D et buste 3D\" \/><figcaption class=\"elementor-image-carousel-caption\">Scanner 3D et buste 3D<\/figcaption><\/figure><\/div><div class=\"swiper-slide\" role=\"group\" aria-roledescription=\"slide\" aria-label=\"3 sur 4\"><figure class=\"swiper-slide-inner\"><img decoding=\"async\" class=\"swiper-slide-image\" src=\"https:\/\/tactilab.org\/wp-content\/uploads\/2020\/11\/IMG_4607-1024x683.jpg\" alt=\"Imprimante 3D FDM\" \/><figcaption class=\"elementor-image-carousel-caption\">Imprimante 3D FDM<\/figcaption><\/figure><\/div><div class=\"swiper-slide\" role=\"group\" aria-roledescription=\"slide\" aria-label=\"4 sur 4\"><figure class=\"swiper-slide-inner\"><img decoding=\"async\" class=\"swiper-slide-image\" src=\"https:\/\/tactilab.org\/wp-content\/uploads\/2020\/12\/IMG_20201125_134222-1-1024x951.jpg\" alt=\"Cerveau en impression 3D\" \/><figcaption class=\"elementor-image-carousel-caption\">Cerveau en impression 3D<\/figcaption><\/figure><\/div>\t\t\t<\/div>\n\t\t\t\t\t\t\t\t\t\t\t\t<div class=\"elementor-swiper-button elementor-swiper-button-prev\" role=\"button\" tabindex=\"0\">\n\t\t\t\t\t\t<i aria-hidden=\"true\" class=\"eicon-chevron-left\"><\/i>\t\t\t\t\t<\/div>\n\t\t\t\t\t<div class=\"elementor-swiper-button elementor-swiper-button-next\" role=\"button\" tabindex=\"0\">\n\t\t\t\t\t\t<i aria-hidden=\"true\" class=\"eicon-chevron-right\"><\/i>\t\t\t\t\t<\/div>\n\t\t\t\t\n\t\t\t\t\t\t\t\t\t<div class=\"swiper-pagination\"><\/div>\n\t\t\t\t\t\t\t\t\t<\/div>\n\t\t\t\t\t\t<\/div>\n\t\t\t\t<\/div>\n\t\t\t\t\t<\/div>\n\t\t<\/div>\n\t\t\t\t\t<\/div>\n\t\t<\/section>\n\t\t\t\t<\/div>\n\t\t","protected":false},"excerpt":{"rendered":"<p>Au TactiLab, tous.tes les professionnels.les peuvent venir concevoir, prototyper et fabriquer des objets dans le respect de la charte des FabLabs. Les actions L&rsquo;\u00e9quipe du TactiLab intervient dans le cadre [&hellip;]<\/p>\n","protected":false},"author":1,"featured_media":0,"parent":0,"menu_order":0,"comment_status":"closed","ping_status":"closed","template":"","meta":{"footnotes":""},"class_list":["post-382","page","type-page","status-publish","hentry"],"yoast_head":"<!-- This site is optimized with the Yoast SEO plugin v26.9 - https:\/\/yoast.com\/product\/yoast-seo-wordpress\/ -->\n<title>Professionnels - TactiLab<\/title>\n<meta name=\"robots\" content=\"index, follow, max-snippet:-1, max-image-preview:large, max-video-preview:-1\" \/>\n<link rel=\"canonical\" href=\"https:\/\/tactilab.org\/index.php\/professionnels\/\" \/>\n<meta property=\"og:locale\" content=\"fr_FR\" \/>\n<meta property=\"og:type\" content=\"article\" \/>\n<meta property=\"og:title\" content=\"Professionnels - TactiLab\" \/>\n<meta property=\"og:description\" content=\"Au TactiLab, tous.tes les professionnels.les peuvent venir concevoir, prototyper et fabriquer des objets dans le respect de la charte des FabLabs. Les actions L&rsquo;\u00e9quipe du TactiLab intervient dans le cadre [&hellip;]\" \/>\n<meta property=\"og:url\" content=\"https:\/\/tactilab.org\/index.php\/professionnels\/\" \/>\n<meta property=\"og:site_name\" content=\"TactiLab\" \/>\n<meta property=\"article:modified_time\" content=\"2026-01-08T13:55:46+00:00\" \/>\n<meta property=\"og:image\" content=\"https:\/\/tactilab.org\/wp-content\/uploads\/2020\/12\/89591673b37f34a57cbd1d463c7778d5_preview_featured.jpg\" \/>\n<meta name=\"twitter:card\" content=\"summary_large_image\" \/>\n<meta name=\"twitter:label1\" content=\"Dur\u00e9e de lecture estim\u00e9e\" \/>\n\t<meta name=\"twitter:data1\" content=\"1 minute\" \/>\n<script type=\"application\/ld+json\" class=\"yoast-schema-graph\">{\"@context\":\"https:\/\/schema.org\",\"@graph\":[{\"@type\":\"WebPage\",\"@id\":\"https:\/\/tactilab.org\/index.php\/professionnels\/\",\"url\":\"https:\/\/tactilab.org\/index.php\/professionnels\/\",\"name\":\"Professionnels - TactiLab\",\"isPartOf\":{\"@id\":\"https:\/\/tactilab.org\/#website\"},\"primaryImageOfPage\":{\"@id\":\"https:\/\/tactilab.org\/index.php\/professionnels\/#primaryimage\"},\"image\":{\"@id\":\"https:\/\/tactilab.org\/index.php\/professionnels\/#primaryimage\"},\"thumbnailUrl\":\"https:\/\/tactilab.org\/wp-content\/uploads\/2020\/12\/89591673b37f34a57cbd1d463c7778d5_preview_featured.jpg\",\"datePublished\":\"2020-10-21T05:59:19+00:00\",\"dateModified\":\"2026-01-08T13:55:46+00:00\",\"breadcrumb\":{\"@id\":\"https:\/\/tactilab.org\/index.php\/professionnels\/#breadcrumb\"},\"inLanguage\":\"fr-FR\",\"potentialAction\":[{\"@type\":\"ReadAction\",\"target\":[\"https:\/\/tactilab.org\/index.php\/professionnels\/\"]}]},{\"@type\":\"ImageObject\",\"inLanguage\":\"fr-FR\",\"@id\":\"https:\/\/tactilab.org\/index.php\/professionnels\/#primaryimage\",\"url\":\"https:\/\/tactilab.org\/wp-content\/uploads\/2020\/12\/89591673b37f34a57cbd1d463c7778d5_preview_featured.jpg\",\"contentUrl\":\"https:\/\/tactilab.org\/wp-content\/uploads\/2020\/12\/89591673b37f34a57cbd1d463c7778d5_preview_featured.jpg\",\"width\":628,\"height\":472,\"caption\":\"Maquette d\u2019un avion\"},{\"@type\":\"BreadcrumbList\",\"@id\":\"https:\/\/tactilab.org\/index.php\/professionnels\/#breadcrumb\",\"itemListElement\":[{\"@type\":\"ListItem\",\"position\":1,\"name\":\"Accueil\",\"item\":\"https:\/\/tactilab.org\/\"},{\"@type\":\"ListItem\",\"position\":2,\"name\":\"Professionnels\"}]},{\"@type\":\"WebSite\",\"@id\":\"https:\/\/tactilab.org\/#website\",\"url\":\"https:\/\/tactilab.org\/\",\"name\":\"TactiLab\",\"description\":\"TactiLab L&#039;atelier singulier\",\"publisher\":{\"@id\":\"https:\/\/tactilab.org\/#organization\"},\"potentialAction\":[{\"@type\":\"SearchAction\",\"target\":{\"@type\":\"EntryPoint\",\"urlTemplate\":\"https:\/\/tactilab.org\/?s={search_term_string}\"},\"query-input\":{\"@type\":\"PropertyValueSpecification\",\"valueRequired\":true,\"valueName\":\"search_term_string\"}}],\"inLanguage\":\"fr-FR\"},{\"@type\":\"Organization\",\"@id\":\"https:\/\/tactilab.org\/#organization\",\"name\":\"TactiLab\",\"url\":\"https:\/\/tactilab.org\/\",\"logo\":{\"@type\":\"ImageObject\",\"inLanguage\":\"fr-FR\",\"@id\":\"https:\/\/tactilab.org\/#\/schema\/logo\/image\/\",\"url\":\"https:\/\/tactilab.org\/wp-content\/uploads\/2020\/06\/cropped-tactilab-RVB_LOGOcomplet-1-e1592398906865.png\",\"contentUrl\":\"https:\/\/tactilab.org\/wp-content\/uploads\/2020\/06\/cropped-tactilab-RVB_LOGOcomplet-1-e1592398906865.png\",\"width\":293,\"height\":250,\"caption\":\"TactiLab\"},\"image\":{\"@id\":\"https:\/\/tactilab.org\/#\/schema\/logo\/image\/\"}}]}<\/script>\n<!-- \/ Yoast SEO plugin. -->","yoast_head_json":{"title":"Professionnels - TactiLab","robots":{"index":"index","follow":"follow","max-snippet":"max-snippet:-1","max-image-preview":"max-image-preview:large","max-video-preview":"max-video-preview:-1"},"canonical":"https:\/\/tactilab.org\/index.php\/professionnels\/","og_locale":"fr_FR","og_type":"article","og_title":"Professionnels - TactiLab","og_description":"Au TactiLab, tous.tes les professionnels.les peuvent venir concevoir, prototyper et fabriquer des objets dans le respect de la charte des FabLabs. Les actions L&rsquo;\u00e9quipe du TactiLab intervient dans le cadre [&hellip;]","og_url":"https:\/\/tactilab.org\/index.php\/professionnels\/","og_site_name":"TactiLab","article_modified_time":"2026-01-08T13:55:46+00:00","og_image":[{"url":"https:\/\/tactilab.org\/wp-content\/uploads\/2020\/12\/89591673b37f34a57cbd1d463c7778d5_preview_featured.jpg","type":"","width":"","height":""}],"twitter_card":"summary_large_image","twitter_misc":{"Dur\u00e9e de lecture estim\u00e9e":"1 minute"},"schema":{"@context":"https:\/\/schema.org","@graph":[{"@type":"WebPage","@id":"https:\/\/tactilab.org\/index.php\/professionnels\/","url":"https:\/\/tactilab.org\/index.php\/professionnels\/","name":"Professionnels - TactiLab","isPartOf":{"@id":"https:\/\/tactilab.org\/#website"},"primaryImageOfPage":{"@id":"https:\/\/tactilab.org\/index.php\/professionnels\/#primaryimage"},"image":{"@id":"https:\/\/tactilab.org\/index.php\/professionnels\/#primaryimage"},"thumbnailUrl":"https:\/\/tactilab.org\/wp-content\/uploads\/2020\/12\/89591673b37f34a57cbd1d463c7778d5_preview_featured.jpg","datePublished":"2020-10-21T05:59:19+00:00","dateModified":"2026-01-08T13:55:46+00:00","breadcrumb":{"@id":"https:\/\/tactilab.org\/index.php\/professionnels\/#breadcrumb"},"inLanguage":"fr-FR","potentialAction":[{"@type":"ReadAction","target":["https:\/\/tactilab.org\/index.php\/professionnels\/"]}]},{"@type":"ImageObject","inLanguage":"fr-FR","@id":"https:\/\/tactilab.org\/index.php\/professionnels\/#primaryimage","url":"https:\/\/tactilab.org\/wp-content\/uploads\/2020\/12\/89591673b37f34a57cbd1d463c7778d5_preview_featured.jpg","contentUrl":"https:\/\/tactilab.org\/wp-content\/uploads\/2020\/12\/89591673b37f34a57cbd1d463c7778d5_preview_featured.jpg","width":628,"height":472,"caption":"Maquette d\u2019un avion"},{"@type":"BreadcrumbList","@id":"https:\/\/tactilab.org\/index.php\/professionnels\/#breadcrumb","itemListElement":[{"@type":"ListItem","position":1,"name":"Accueil","item":"https:\/\/tactilab.org\/"},{"@type":"ListItem","position":2,"name":"Professionnels"}]},{"@type":"WebSite","@id":"https:\/\/tactilab.org\/#website","url":"https:\/\/tactilab.org\/","name":"TactiLab","description":"TactiLab L&#039;atelier singulier","publisher":{"@id":"https:\/\/tactilab.org\/#organization"},"potentialAction":[{"@type":"SearchAction","target":{"@type":"EntryPoint","urlTemplate":"https:\/\/tactilab.org\/?s={search_term_string}"},"query-input":{"@type":"PropertyValueSpecification","valueRequired":true,"valueName":"search_term_string"}}],"inLanguage":"fr-FR"},{"@type":"Organization","@id":"https:\/\/tactilab.org\/#organization","name":"TactiLab","url":"https:\/\/tactilab.org\/","logo":{"@type":"ImageObject","inLanguage":"fr-FR","@id":"https:\/\/tactilab.org\/#\/schema\/logo\/image\/","url":"https:\/\/tactilab.org\/wp-content\/uploads\/2020\/06\/cropped-tactilab-RVB_LOGOcomplet-1-e1592398906865.png","contentUrl":"https:\/\/tactilab.org\/wp-content\/uploads\/2020\/06\/cropped-tactilab-RVB_LOGOcomplet-1-e1592398906865.png","width":293,"height":250,"caption":"TactiLab"},"image":{"@id":"https:\/\/tactilab.org\/#\/schema\/logo\/image\/"}}]}},"_links":{"self":[{"href":"https:\/\/tactilab.org\/index.php\/wp-json\/wp\/v2\/pages\/382","targetHints":{"allow":["GET"]}}],"collection":[{"href":"https:\/\/tactilab.org\/index.php\/wp-json\/wp\/v2\/pages"}],"about":[{"href":"https:\/\/tactilab.org\/index.php\/wp-json\/wp\/v2\/types\/page"}],"author":[{"embeddable":true,"href":"https:\/\/tactilab.org\/index.php\/wp-json\/wp\/v2\/users\/1"}],"replies":[{"embeddable":true,"href":"https:\/\/tactilab.org\/index.php\/wp-json\/wp\/v2\/comments?post=382"}],"version-history":[{"count":74,"href":"https:\/\/tactilab.org\/index.php\/wp-json\/wp\/v2\/pages\/382\/revisions"}],"predecessor-version":[{"id":2053,"href":"https:\/\/tactilab.org\/index.php\/wp-json\/wp\/v2\/pages\/382\/revisions\/2053"}],"wp:attachment":[{"href":"https:\/\/tactilab.org\/index.php\/wp-json\/wp\/v2\/media?parent=382"}],"curies":[{"name":"wp","href":"https:\/\/api.w.org\/{rel}","templated":true}]}}