{"id":384,"date":"2020-10-21T07:59:39","date_gmt":"2020-10-21T05:59:39","guid":{"rendered":"https:\/\/tactilab.org\/?page_id=384"},"modified":"2026-01-08T15:03:08","modified_gmt":"2026-01-08T14:03:08","slug":"groupes","status":"publish","type":"page","link":"https:\/\/tactilab.org\/index.php\/groupes\/","title":{"rendered":"Groupes"},"content":{"rendered":"\t\t<div data-elementor-type=\"wp-page\" data-elementor-id=\"384\" class=\"elementor elementor-384\">\n\t\t\t\t\t\t<section class=\"elementor-section elementor-top-section elementor-element elementor-element-1946168 elementor-section-boxed elementor-section-height-default elementor-section-height-default\" data-id=\"1946168\" data-element_type=\"section\" data-e-type=\"section\">\n\t\t\t\t\t\t<div class=\"elementor-container elementor-column-gap-default\">\n\t\t\t\t\t<div class=\"elementor-column elementor-col-100 elementor-top-column elementor-element elementor-element-a3d8d8b\" data-id=\"a3d8d8b\" data-element_type=\"column\" data-e-type=\"column\">\n\t\t\t<div class=\"elementor-widget-wrap elementor-element-populated\">\n\t\t\t\t\t\t<div class=\"elementor-element elementor-element-79e1140 elementor-widget elementor-widget-text-editor\" data-id=\"79e1140\" data-element_type=\"widget\" data-e-type=\"widget\" data-widget_type=\"text-editor.default\">\n\t\t\t\t<div class=\"elementor-widget-container\">\n\t\t\t\t\t\t\t\t\t<p>Le TactiLab propose d&rsquo;ouvrir son atelier \u00e0 des groupes, pour d\u00e9couvrir les machines et leur fonctionnement.<\/p>\t\t\t\t\t\t\t\t<\/div>\n\t\t\t\t<\/div>\n\t\t\t\t\t<\/div>\n\t\t<\/div>\n\t\t\t\t\t<\/div>\n\t\t<\/section>\n\t\t\t\t<section class=\"elementor-section elementor-top-section elementor-element elementor-element-e95e932 elementor-section-boxed elementor-section-height-default elementor-section-height-default\" data-id=\"e95e932\" data-element_type=\"section\" data-e-type=\"section\">\n\t\t\t\t\t\t<div class=\"elementor-container elementor-column-gap-default\">\n\t\t\t\t\t<div class=\"elementor-column elementor-col-100 elementor-top-column elementor-element elementor-element-209144a\" data-id=\"209144a\" data-element_type=\"column\" data-e-type=\"column\">\n\t\t\t<div class=\"elementor-widget-wrap elementor-element-populated\">\n\t\t\t\t\t\t<div class=\"elementor-element elementor-element-d60dc00 elementor-widget-divider--separator-type-pattern elementor-widget-divider--view-line elementor-widget elementor-widget-divider\" data-id=\"d60dc00\" data-element_type=\"widget\" data-e-type=\"widget\" data-widget_type=\"divider.default\">\n\t\t\t\t<div class=\"elementor-widget-container\">\n\t\t\t\t\t\t\t<div class=\"elementor-divider\" style=\"--divider-pattern-url: url(&quot;data:image\/svg+xml,%3Csvg xmlns=&#039;http:\/\/www.w3.org\/2000\/svg&#039; preserveAspectRatio=&#039;none&#039; overflow=&#039;visible&#039; height=&#039;100%&#039; viewBox=&#039;0 0 24 24&#039; fill=&#039;black&#039; stroke=&#039;none&#039;%3E%3Cpath d=&#039;M12.7,2.3c-0.4-0.4-1.1-0.4-1.5,0l-8,9.1c-0.3,0.4-0.3,0.9,0,1.2l8,9.1c0.4,0.4,1.1,0.4,1.5,0l8-9.1c0.3-0.4,0.3-0.9,0-1.2L12.7,2.3z&#039;\/%3E%3C\/svg%3E&quot;);\">\n\t\t\t<span class=\"elementor-divider-separator\">\n\t\t\t\t\t\t<\/span>\n\t\t<\/div>\n\t\t\t\t\t\t<\/div>\n\t\t\t\t<\/div>\n\t\t\t\t\t<\/div>\n\t\t<\/div>\n\t\t\t\t\t<\/div>\n\t\t<\/section>\n\t\t\t\t<section class=\"elementor-section elementor-top-section elementor-element elementor-element-a5e2f72 elementor-section-stretched elementor-section-boxed elementor-section-height-default elementor-section-height-default\" data-id=\"a5e2f72\" data-element_type=\"section\" data-e-type=\"section\" data-settings=\"{&quot;stretch_section&quot;:&quot;section-stretched&quot;}\">\n\t\t\t\t\t\t<div class=\"elementor-container elementor-column-gap-default\">\n\t\t\t\t\t<div class=\"elementor-column elementor-col-50 elementor-top-column elementor-element elementor-element-1987824\" data-id=\"1987824\" data-element_type=\"column\" data-e-type=\"column\">\n\t\t\t<div class=\"elementor-widget-wrap elementor-element-populated\">\n\t\t\t\t\t\t<div class=\"elementor-element elementor-element-489be8f elementor-widget elementor-widget-heading\" data-id=\"489be8f\" data-element_type=\"widget\" data-e-type=\"widget\" data-widget_type=\"heading.default\">\n\t\t\t\t<div class=\"elementor-widget-container\">\n\t\t\t\t\t<div class=\"elementor-heading-title elementor-size-default\">Les actions<\/div>\t\t\t\t<\/div>\n\t\t\t\t<\/div>\n\t\t\t\t<div class=\"elementor-element elementor-element-01e4933 elementor-widget elementor-widget-text-editor\" data-id=\"01e4933\" data-element_type=\"widget\" data-e-type=\"widget\" data-widget_type=\"text-editor.default\">\n\t\t\t\t<div class=\"elementor-widget-container\">\n\t\t\t\t\t\t\t\t\t<p>Le TactiLab propose diverses animations pour des professionnels.les, des groupes scolaires ou d\u00e9butant.tes :<\/p>\n<p><!-- \/wp:paragraph --><!-- wp:list --><\/p>\n<ul class=\"wp-block-list\"><!-- wp:list-item -->\n<li><strong>Accompagnement de projet<\/strong> : L\u2019\u00e9quipe du TactiLab vous aide \u00e0 trouver les ressources et outils utiles et les met \u00e0 disposition pour la r\u00e9alisation de votre projet.<\/li>\n<!-- \/wp:list-item --><!-- wp:list-item -->\n<li><strong>Formation sur des logiciels libres<\/strong>\u00a0: apprendre \u00e0 dessiner en 2D et en 3D.<\/li>\n<!-- \/wp:list-item --><!-- wp:list-item -->\n<li><strong>Ateliers th\u00e9matiques<\/strong>\u00a0: red\u00e9couvrir les livres, les personnages historiques, les saisons, les animaux\u2026 avec les machines et outils du TactiLab.<\/li>\n<!-- \/wp:list-item --><!-- wp:list-item -->\n<li><strong>Animation scolaire et extra-scolaire<\/strong> : l&rsquo;\u00e9quipe du TactiLab s&rsquo;adapte aux programmes scolaires et \u00e0 vos id\u00e9es pour l&rsquo;apprentissage.<\/li>\n<!-- \/wp:list-item --><!-- wp:list-item -->\n<li><strong>Viens imprimer sous toutes ses formes<\/strong> : r\u00e9aliser des pochoirs, des stickers ou des transferts pour personnaliser des v\u00eatements avec la d\u00e9coupe vinyle.<\/li>\n<!-- \/wp:list-item --><!-- wp:list-item -->\n<li><strong>Cr\u00e9e ton personnage sur ordi et anime-le<\/strong>\u00a0: d\u00e9couvrir la programmation informatique en s&rsquo;amusant avec le logiciel Scratch.<\/li>\n<!-- \/wp:list-item --><!-- wp:list-item -->\n<li><strong>Viens d\u00e9couvrir l&rsquo;impression 3D\u00a0<\/strong>: dessiner un objet en 3D sur l&rsquo;ordi et apprendre \u00e0 l&rsquo;imprimer.<\/li>\n<!-- \/wp:list-item --><!-- wp:list-item -->\n<li><strong>Fabrique ton puzzle 3D en bois\u00a0<\/strong>: d\u00e9couvrir la d\u00e9coupe laser, choisir un dessin de puzzle, et le fabriquer.\u00a0<\/li>\n<!-- \/wp:list-item --><!-- wp:list-item -->\n<li><strong>Fabrique tes bo\u00eetes et cartes d\u00e9cor\u00e9es en carton\u00a0<\/strong>: d\u00e9couvrir la d\u00e9coupe laser, l\u2019utiliser pour d\u00e9couper des bo\u00eetes \u00e0 construire en carton, et faire des cartes personnalis\u00e9es.<\/li>\n<!-- \/wp:list-item --><!-- wp:list-item -->\n<li><strong>Fabrique ton appareil photo, atelier st\u00e9nop\u00e9<\/strong> : r\u00e9aliser un st\u00e9nop\u00e9 avec la d\u00e9coupe laser, prendre des photos avec et apprendre \u00e0 les d\u00e9velopper.<\/li>\n<!-- \/wp:list-item --><\/ul>\n<p><!-- \/wp:list --><!-- wp:paragraph --><\/p>\n<p>Nous restons \u00e0 l\u2019\u00e9coute pour correspondre \u00e0 toutes les attentes et id\u00e9es !<\/p>\n<p><!-- \/wp:paragraph --><!-- wp:paragraph --><\/p>\t\t\t\t\t\t\t\t<\/div>\n\t\t\t\t<\/div>\n\t\t\t\t\t<\/div>\n\t\t<\/div>\n\t\t\t\t<div class=\"elementor-column elementor-col-50 elementor-top-column elementor-element elementor-element-f30c0ec\" data-id=\"f30c0ec\" data-element_type=\"column\" data-e-type=\"column\">\n\t\t\t<div class=\"elementor-widget-wrap elementor-element-populated\">\n\t\t\t\t\t\t<div class=\"elementor-element elementor-element-7dac4d4 elementor-widget elementor-widget-heading\" data-id=\"7dac4d4\" data-element_type=\"widget\" data-e-type=\"widget\" data-widget_type=\"heading.default\">\n\t\t\t\t<div class=\"elementor-widget-container\">\n\t\t\t\t\t<div class=\"elementor-heading-title elementor-size-default\">Les avantages<\/div>\t\t\t\t<\/div>\n\t\t\t\t<\/div>\n\t\t\t\t<div class=\"elementor-element elementor-element-2be6fca elementor-widget elementor-widget-text-editor\" data-id=\"2be6fca\" data-element_type=\"widget\" data-e-type=\"widget\" data-widget_type=\"text-editor.default\">\n\t\t\t\t<div class=\"elementor-widget-container\">\n\t\t\t\t\t\t\t\t\t<div class=\"wp-block-column\" style=\"flex-basis: 45%;\">\n<p>Sensibiliser, informer, transmettre, le TactiLab offre cette opportunit\u00e9 \u00e0 travers :<\/p>\n<!-- \/wp:paragraph --><!-- wp:list -->\n<ul class=\"wp-block-list\"><!-- wp:list-item -->\n<li>Un espace de 45m2<\/li>\n<!-- \/wp:list-item --><!-- wp:list-item -->\n<li>Une \u00e9quipe d&rsquo;animateurs dynamiques<\/li>\n<!-- \/wp:list-item --><!-- wp:list-item -->\n<li>Un lieu d&rsquo;apprentissage<\/li>\n<!-- \/wp:list-item --><!-- wp:list-item -->\n<li>Des ateliers th\u00e9matiques<\/li>\n<!-- \/wp:list-item --><!-- wp:list-item -->\n<li>La stimulation de la cr\u00e9ativit\u00e9<\/li>\n<!-- \/wp:list-item --><!-- wp:list-item -->\n<li>La transmission de savoir-faire<\/li>\n<!-- \/wp:list-item --><\/ul>\n<!-- \/wp:list --><!-- wp:paragraph -->\n<p>Sur le <a href=\"http:\/\/tactilab.shoutwiki.com\/wiki\/Accueil\">wiki du TactiLab<\/a>, nous proposons l&rsquo;acc\u00e8s \u00e0 l\u2019ensemble des ressources du FabLab pr\u00e9sent\u00e9es : machines, mat\u00e9riels, mat\u00e9riaux, documentation sur les projets r\u00e9alis\u00e9s.<\/p>\n<!-- \/wp:paragraph --><!-- wp:paragraph -->\n<p>Les informations sur les modalit\u00e9s d&rsquo;accompagnement du TactiLab sont disponibles dans la page <a href=\"https:\/\/tactilab.org\/index.php\/informations-pratiques\/\" target=\"_blank\" rel=\"noreferrer noopener\">Infos pratiques<\/a>.<\/p>\n<!-- \/wp:paragraph --><\/div>\n<p><!-- \/wp:column --><!-- wp:column --><\/p>\n<div class=\"wp-block-column\"><!-- wp:paragraph -->\n<p>\u00a0<\/p>\n<\/div>\t\t\t\t\t\t\t\t<\/div>\n\t\t\t\t<\/div>\n\t\t\t\t\t<\/div>\n\t\t<\/div>\n\t\t\t\t\t<\/div>\n\t\t<\/section>\n\t\t\t\t<section class=\"elementor-section elementor-top-section elementor-element elementor-element-8e99ca7 elementor-section-stretched elementor-section-boxed elementor-section-height-default elementor-section-height-default\" data-id=\"8e99ca7\" data-element_type=\"section\" data-e-type=\"section\" data-settings=\"{&quot;stretch_section&quot;:&quot;section-stretched&quot;}\">\n\t\t\t\t\t\t<div class=\"elementor-container elementor-column-gap-default\">\n\t\t\t\t\t<div class=\"elementor-column elementor-col-100 elementor-top-column elementor-element elementor-element-4b57919\" data-id=\"4b57919\" data-element_type=\"column\" data-e-type=\"column\">\n\t\t\t<div class=\"elementor-widget-wrap elementor-element-populated\">\n\t\t\t\t\t\t<div class=\"elementor-element elementor-element-0b073c7 elementor-arrows-position-inside elementor-pagination-position-outside elementor-widget elementor-widget-image-carousel\" data-id=\"0b073c7\" data-element_type=\"widget\" data-e-type=\"widget\" data-settings=\"{&quot;navigation&quot;:&quot;both&quot;,&quot;autoplay&quot;:&quot;yes&quot;,&quot;pause_on_hover&quot;:&quot;yes&quot;,&quot;pause_on_interaction&quot;:&quot;yes&quot;,&quot;autoplay_speed&quot;:5000,&quot;infinite&quot;:&quot;yes&quot;,&quot;speed&quot;:500,&quot;image_spacing_custom&quot;:{&quot;unit&quot;:&quot;px&quot;,&quot;size&quot;:20,&quot;sizes&quot;:[]},&quot;image_spacing_custom_tablet&quot;:{&quot;unit&quot;:&quot;px&quot;,&quot;size&quot;:&quot;&quot;,&quot;sizes&quot;:[]},&quot;image_spacing_custom_mobile&quot;:{&quot;unit&quot;:&quot;px&quot;,&quot;size&quot;:&quot;&quot;,&quot;sizes&quot;:[]}}\" data-widget_type=\"image-carousel.default\">\n\t\t\t\t<div class=\"elementor-widget-container\">\n\t\t\t\t\t\t\t<div class=\"elementor-image-carousel-wrapper swiper\" role=\"region\" aria-roledescription=\"carousel\" aria-label=\"Carrousel d\u2019images\" dir=\"ltr\">\n\t\t\t<div class=\"elementor-image-carousel swiper-wrapper\" aria-live=\"off\">\n\t\t\t\t\t\t\t\t<div class=\"swiper-slide\" role=\"group\" aria-roledescription=\"slide\" aria-label=\"1 sur 4\"><figure class=\"swiper-slide-inner\"><img decoding=\"async\" class=\"swiper-slide-image\" src=\"https:\/\/tactilab.org\/wp-content\/uploads\/2021\/04\/IMG_0031-1024x683.jpg\" alt=\"Atelier St\u00e9nop\u00e9 1 : Prise de la photo\" \/><figcaption class=\"elementor-image-carousel-caption\">Atelier St\u00e9nop\u00e9 1 : Prise de la photo<\/figcaption><\/figure><\/div><div class=\"swiper-slide\" role=\"group\" aria-roledescription=\"slide\" aria-label=\"2 sur 4\"><figure class=\"swiper-slide-inner\"><img decoding=\"async\" class=\"swiper-slide-image\" src=\"https:\/\/tactilab.org\/wp-content\/uploads\/2021\/04\/DSC05669-scaled-e1618835271239-1024x703.jpg\" alt=\"Animation Viens imprimer sous toutes ses formes\" \/><figcaption class=\"elementor-image-carousel-caption\">Animation Viens imprimer sous toutes ses formes<\/figcaption><\/figure><\/div><div class=\"swiper-slide\" role=\"group\" aria-roledescription=\"slide\" aria-label=\"3 sur 4\"><figure class=\"swiper-slide-inner\"><img decoding=\"async\" class=\"swiper-slide-image\" src=\"https:\/\/tactilab.org\/wp-content\/uploads\/2021\/04\/DSC05769-1024x680.jpg\" alt=\"Animation Fabrique ton Puzzle 3D\" \/><figcaption class=\"elementor-image-carousel-caption\">Animation Fabrique ton Puzzle 3D<\/figcaption><\/figure><\/div><div class=\"swiper-slide\" role=\"group\" aria-roledescription=\"slide\" aria-label=\"4 sur 4\"><figure class=\"swiper-slide-inner\"><img decoding=\"async\" class=\"swiper-slide-image\" src=\"https:\/\/tactilab.org\/wp-content\/uploads\/2021\/04\/Photo-1-1024x513.jpg\" alt=\"Atelier St\u00e9nop\u00e9 2 : un n\u00e9gatif r\u00e9alis\u00e9 gr\u00e2ce au St\u00e9nop\u00e9\" \/><figcaption class=\"elementor-image-carousel-caption\">Atelier St\u00e9nop\u00e9 2 : un n\u00e9gatif r\u00e9alis\u00e9 gr\u00e2ce au St\u00e9nop\u00e9<\/figcaption><\/figure><\/div>\t\t\t<\/div>\n\t\t\t\t\t\t\t\t\t\t\t\t<div class=\"elementor-swiper-button elementor-swiper-button-prev\" role=\"button\" tabindex=\"0\">\n\t\t\t\t\t\t<i aria-hidden=\"true\" class=\"eicon-chevron-left\"><\/i>\t\t\t\t\t<\/div>\n\t\t\t\t\t<div class=\"elementor-swiper-button elementor-swiper-button-next\" role=\"button\" tabindex=\"0\">\n\t\t\t\t\t\t<i aria-hidden=\"true\" class=\"eicon-chevron-right\"><\/i>\t\t\t\t\t<\/div>\n\t\t\t\t\n\t\t\t\t\t\t\t\t\t<div class=\"swiper-pagination\"><\/div>\n\t\t\t\t\t\t\t\t\t<\/div>\n\t\t\t\t\t\t<\/div>\n\t\t\t\t<\/div>\n\t\t\t\t\t<\/div>\n\t\t<\/div>\n\t\t\t\t\t<\/div>\n\t\t<\/section>\n\t\t\t\t<\/div>\n\t\t","protected":false},"excerpt":{"rendered":"<p>Le TactiLab propose d&rsquo;ouvrir son atelier \u00e0 des groupes, pour d\u00e9couvrir les machines et leur fonctionnement. Les actions Le TactiLab propose diverses animations pour des professionnels.les, des groupes scolaires ou [&hellip;]<\/p>\n","protected":false},"author":1,"featured_media":0,"parent":0,"menu_order":0,"comment_status":"closed","ping_status":"closed","template":"","meta":{"footnotes":""},"class_list":["post-384","page","type-page","status-publish","hentry"],"yoast_head":"<!-- This site is optimized with the Yoast SEO plugin v26.9 - https:\/\/yoast.com\/product\/yoast-seo-wordpress\/ -->\n<title>Groupes - TactiLab<\/title>\n<meta name=\"robots\" content=\"index, follow, max-snippet:-1, max-image-preview:large, max-video-preview:-1\" \/>\n<link rel=\"canonical\" href=\"https:\/\/tactilab.org\/index.php\/groupes\/\" \/>\n<meta property=\"og:locale\" content=\"fr_FR\" \/>\n<meta property=\"og:type\" content=\"article\" \/>\n<meta property=\"og:title\" content=\"Groupes - TactiLab\" \/>\n<meta property=\"og:description\" content=\"Le TactiLab propose d&rsquo;ouvrir son atelier \u00e0 des groupes, pour d\u00e9couvrir les machines et leur fonctionnement. Les actions Le TactiLab propose diverses animations pour des professionnels.les, des groupes scolaires ou [&hellip;]\" \/>\n<meta property=\"og:url\" content=\"https:\/\/tactilab.org\/index.php\/groupes\/\" \/>\n<meta property=\"og:site_name\" content=\"TactiLab\" \/>\n<meta property=\"article:modified_time\" content=\"2026-01-08T14:03:08+00:00\" \/>\n<meta property=\"og:image\" content=\"https:\/\/tactilab.org\/wp-content\/uploads\/2021\/04\/IMG_0031-1024x683.jpg\" \/>\n<meta name=\"twitter:card\" content=\"summary_large_image\" \/>\n<meta name=\"twitter:label1\" content=\"Dur\u00e9e de lecture estim\u00e9e\" \/>\n\t<meta name=\"twitter:data1\" content=\"2 minutes\" \/>\n<script type=\"application\/ld+json\" class=\"yoast-schema-graph\">{\"@context\":\"https:\/\/schema.org\",\"@graph\":[{\"@type\":\"WebPage\",\"@id\":\"https:\/\/tactilab.org\/index.php\/groupes\/\",\"url\":\"https:\/\/tactilab.org\/index.php\/groupes\/\",\"name\":\"Groupes - TactiLab\",\"isPartOf\":{\"@id\":\"https:\/\/tactilab.org\/#website\"},\"primaryImageOfPage\":{\"@id\":\"https:\/\/tactilab.org\/index.php\/groupes\/#primaryimage\"},\"image\":{\"@id\":\"https:\/\/tactilab.org\/index.php\/groupes\/#primaryimage\"},\"thumbnailUrl\":\"https:\/\/tactilab.org\/wp-content\/uploads\/2021\/04\/IMG_0031-1024x683.jpg\",\"datePublished\":\"2020-10-21T05:59:39+00:00\",\"dateModified\":\"2026-01-08T14:03:08+00:00\",\"breadcrumb\":{\"@id\":\"https:\/\/tactilab.org\/index.php\/groupes\/#breadcrumb\"},\"inLanguage\":\"fr-FR\",\"potentialAction\":[{\"@type\":\"ReadAction\",\"target\":[\"https:\/\/tactilab.org\/index.php\/groupes\/\"]}]},{\"@type\":\"ImageObject\",\"inLanguage\":\"fr-FR\",\"@id\":\"https:\/\/tactilab.org\/index.php\/groupes\/#primaryimage\",\"url\":\"https:\/\/tactilab.org\/wp-content\/uploads\/2021\/04\/IMG_0031-scaled.jpg\",\"contentUrl\":\"https:\/\/tactilab.org\/wp-content\/uploads\/2021\/04\/IMG_0031-scaled.jpg\",\"width\":2560,\"height\":1707,\"caption\":\"Atelier St\u00e9nop\u00e9 1 : Prise de la photo\"},{\"@type\":\"BreadcrumbList\",\"@id\":\"https:\/\/tactilab.org\/index.php\/groupes\/#breadcrumb\",\"itemListElement\":[{\"@type\":\"ListItem\",\"position\":1,\"name\":\"Accueil\",\"item\":\"https:\/\/tactilab.org\/\"},{\"@type\":\"ListItem\",\"position\":2,\"name\":\"Groupes\"}]},{\"@type\":\"WebSite\",\"@id\":\"https:\/\/tactilab.org\/#website\",\"url\":\"https:\/\/tactilab.org\/\",\"name\":\"TactiLab\",\"description\":\"TactiLab L&#039;atelier singulier\",\"publisher\":{\"@id\":\"https:\/\/tactilab.org\/#organization\"},\"potentialAction\":[{\"@type\":\"SearchAction\",\"target\":{\"@type\":\"EntryPoint\",\"urlTemplate\":\"https:\/\/tactilab.org\/?s={search_term_string}\"},\"query-input\":{\"@type\":\"PropertyValueSpecification\",\"valueRequired\":true,\"valueName\":\"search_term_string\"}}],\"inLanguage\":\"fr-FR\"},{\"@type\":\"Organization\",\"@id\":\"https:\/\/tactilab.org\/#organization\",\"name\":\"TactiLab\",\"url\":\"https:\/\/tactilab.org\/\",\"logo\":{\"@type\":\"ImageObject\",\"inLanguage\":\"fr-FR\",\"@id\":\"https:\/\/tactilab.org\/#\/schema\/logo\/image\/\",\"url\":\"https:\/\/tactilab.org\/wp-content\/uploads\/2020\/06\/cropped-tactilab-RVB_LOGOcomplet-1-e1592398906865.png\",\"contentUrl\":\"https:\/\/tactilab.org\/wp-content\/uploads\/2020\/06\/cropped-tactilab-RVB_LOGOcomplet-1-e1592398906865.png\",\"width\":293,\"height\":250,\"caption\":\"TactiLab\"},\"image\":{\"@id\":\"https:\/\/tactilab.org\/#\/schema\/logo\/image\/\"}}]}<\/script>\n<!-- \/ Yoast SEO plugin. -->","yoast_head_json":{"title":"Groupes - TactiLab","robots":{"index":"index","follow":"follow","max-snippet":"max-snippet:-1","max-image-preview":"max-image-preview:large","max-video-preview":"max-video-preview:-1"},"canonical":"https:\/\/tactilab.org\/index.php\/groupes\/","og_locale":"fr_FR","og_type":"article","og_title":"Groupes - TactiLab","og_description":"Le TactiLab propose d&rsquo;ouvrir son atelier \u00e0 des groupes, pour d\u00e9couvrir les machines et leur fonctionnement. Les actions Le TactiLab propose diverses animations pour des professionnels.les, des groupes scolaires ou [&hellip;]","og_url":"https:\/\/tactilab.org\/index.php\/groupes\/","og_site_name":"TactiLab","article_modified_time":"2026-01-08T14:03:08+00:00","og_image":[{"url":"https:\/\/tactilab.org\/wp-content\/uploads\/2021\/04\/IMG_0031-1024x683.jpg","type":"","width":"","height":""}],"twitter_card":"summary_large_image","twitter_misc":{"Dur\u00e9e de lecture estim\u00e9e":"2 minutes"},"schema":{"@context":"https:\/\/schema.org","@graph":[{"@type":"WebPage","@id":"https:\/\/tactilab.org\/index.php\/groupes\/","url":"https:\/\/tactilab.org\/index.php\/groupes\/","name":"Groupes - TactiLab","isPartOf":{"@id":"https:\/\/tactilab.org\/#website"},"primaryImageOfPage":{"@id":"https:\/\/tactilab.org\/index.php\/groupes\/#primaryimage"},"image":{"@id":"https:\/\/tactilab.org\/index.php\/groupes\/#primaryimage"},"thumbnailUrl":"https:\/\/tactilab.org\/wp-content\/uploads\/2021\/04\/IMG_0031-1024x683.jpg","datePublished":"2020-10-21T05:59:39+00:00","dateModified":"2026-01-08T14:03:08+00:00","breadcrumb":{"@id":"https:\/\/tactilab.org\/index.php\/groupes\/#breadcrumb"},"inLanguage":"fr-FR","potentialAction":[{"@type":"ReadAction","target":["https:\/\/tactilab.org\/index.php\/groupes\/"]}]},{"@type":"ImageObject","inLanguage":"fr-FR","@id":"https:\/\/tactilab.org\/index.php\/groupes\/#primaryimage","url":"https:\/\/tactilab.org\/wp-content\/uploads\/2021\/04\/IMG_0031-scaled.jpg","contentUrl":"https:\/\/tactilab.org\/wp-content\/uploads\/2021\/04\/IMG_0031-scaled.jpg","width":2560,"height":1707,"caption":"Atelier St\u00e9nop\u00e9 1 : Prise de la photo"},{"@type":"BreadcrumbList","@id":"https:\/\/tactilab.org\/index.php\/groupes\/#breadcrumb","itemListElement":[{"@type":"ListItem","position":1,"name":"Accueil","item":"https:\/\/tactilab.org\/"},{"@type":"ListItem","position":2,"name":"Groupes"}]},{"@type":"WebSite","@id":"https:\/\/tactilab.org\/#website","url":"https:\/\/tactilab.org\/","name":"TactiLab","description":"TactiLab L&#039;atelier singulier","publisher":{"@id":"https:\/\/tactilab.org\/#organization"},"potentialAction":[{"@type":"SearchAction","target":{"@type":"EntryPoint","urlTemplate":"https:\/\/tactilab.org\/?s={search_term_string}"},"query-input":{"@type":"PropertyValueSpecification","valueRequired":true,"valueName":"search_term_string"}}],"inLanguage":"fr-FR"},{"@type":"Organization","@id":"https:\/\/tactilab.org\/#organization","name":"TactiLab","url":"https:\/\/tactilab.org\/","logo":{"@type":"ImageObject","inLanguage":"fr-FR","@id":"https:\/\/tactilab.org\/#\/schema\/logo\/image\/","url":"https:\/\/tactilab.org\/wp-content\/uploads\/2020\/06\/cropped-tactilab-RVB_LOGOcomplet-1-e1592398906865.png","contentUrl":"https:\/\/tactilab.org\/wp-content\/uploads\/2020\/06\/cropped-tactilab-RVB_LOGOcomplet-1-e1592398906865.png","width":293,"height":250,"caption":"TactiLab"},"image":{"@id":"https:\/\/tactilab.org\/#\/schema\/logo\/image\/"}}]}},"_links":{"self":[{"href":"https:\/\/tactilab.org\/index.php\/wp-json\/wp\/v2\/pages\/384","targetHints":{"allow":["GET"]}}],"collection":[{"href":"https:\/\/tactilab.org\/index.php\/wp-json\/wp\/v2\/pages"}],"about":[{"href":"https:\/\/tactilab.org\/index.php\/wp-json\/wp\/v2\/types\/page"}],"author":[{"embeddable":true,"href":"https:\/\/tactilab.org\/index.php\/wp-json\/wp\/v2\/users\/1"}],"replies":[{"embeddable":true,"href":"https:\/\/tactilab.org\/index.php\/wp-json\/wp\/v2\/comments?post=384"}],"version-history":[{"count":67,"href":"https:\/\/tactilab.org\/index.php\/wp-json\/wp\/v2\/pages\/384\/revisions"}],"predecessor-version":[{"id":2060,"href":"https:\/\/tactilab.org\/index.php\/wp-json\/wp\/v2\/pages\/384\/revisions\/2060"}],"wp:attachment":[{"href":"https:\/\/tactilab.org\/index.php\/wp-json\/wp\/v2\/media?parent=384"}],"curies":[{"name":"wp","href":"https:\/\/api.w.org\/{rel}","templated":true}]}}