{"id":849,"date":"2020-11-23T17:01:51","date_gmt":"2020-11-23T16:01:51","guid":{"rendered":"https:\/\/tactilab.org\/?page_id=849"},"modified":"2020-11-24T11:41:11","modified_gmt":"2020-11-24T10:41:11","slug":"animations","status":"publish","type":"page","link":"https:\/\/tactilab.org\/index.php\/animations\/","title":{"rendered":"Animations"},"content":{"rendered":"\n<div class=\"wp-block-columns alignfull is-layout-flex wp-container-core-columns-is-layout-9d6595d7 wp-block-columns-is-layout-flex\">\n<div class=\"wp-block-column is-layout-flow wp-block-column-is-layout-flow\">\n<h5 class=\"wp-block-heading\">Atelier St\u00e9nop\u00e9 : Fabrique ton appareil photo<\/h5>\n\n\n\n<p>Le Tactilab propose pendant les vacances scolaires un atelier cr\u00e9atif o\u00f9 les enfants peuvent fabriquer et personnaliser leurs propres st\u00e9nop\u00e9s (anc\u00eatre de l&rsquo;appareil photo) avec l&rsquo;aide des machines mises \u00e0 leurs dispositions. Ils apprendront comment utiliser le st\u00e9nop\u00e9 et l&rsquo;histoire de la photographie. Enfin, ils repartiront avec leur appareil et un tirage photo.<\/p>\n\n\n\n<p>Atelier pour les plus jeunes de 8 \u00e0 18 ans sur deux jours (deux fois 2h), tarif 15\u20ac par personne.<\/p>\n\n\n\n<h5 class=\"wp-block-heading\">Atelier Arduino : Capteur mobile de pollution atmosph\u00e9rique<\/h5>\n\n\n\n<h5 class=\"wp-block-heading\">Atelier de Rentr\u00e9e<\/h5>\n\n\n\n<p>Envie d\u2019un marque-page personnalis\u00e9 ? Besoin d\u2019un pot \u00e0 crayons pour votre bureau ? Venez r\u00e9aliser des objets pour faire une rentr\u00e9e parfaite avec la d\u00e9coupeuse laser. <\/p>\n\n\n\n<p>Atelier pour tous, tarif 5\u20ac par personne.<\/p>\n\n\n\n<h5 class=\"wp-block-heading\">Atelier Jeux adapt\u00e9s<\/h5>\n\n\n\n<h5 class=\"wp-block-heading\">Animation FabLab Escape<\/h5>\n\n\n\n<p>L\u2019Escape Game qui permet de d\u00e9couvrir le TactiLab et ses machines. Animation ouverte \u00e0 tout le monde, gratuit pour les membres du TactiLab.<\/p>\n\n\n\n<p>Adh\u00e9sion \u00e0 la MIETE de 5\u20ac n\u00e9cessaire pour les personnes ext\u00e9rieures<\/p>\n\n\n\n<h5 class=\"wp-block-heading\">Projet Hackathon<\/h5>\n<\/div>\n\n\n\n<div class=\"wp-block-column is-layout-flow wp-block-column-is-layout-flow\">\n<h5 class=\"wp-block-heading\">Atelier Impression sous toutes ses formes<\/h5>\n\n\n\n<p>Pendant les vacances scolaires, les enfants peuvent venir r\u00e9aliser des pochoirs, des stickers ou des transferts pour personnaliser leurs v\u00eatements avec la d\u00e9coupe laser et la d\u00e9coupe vinyle. <\/p>\n\n\n\n<p>Atelier pour les plus jeunes de 8 \u00e0 18 ans sur deux jours (deux fois 2h), tarif 15\u20ac par personne.<\/p>\n\n\n\n<h5 class=\"wp-block-heading\">Atelier SamediLab<\/h5>\n\n\n\n<h5 class=\"wp-block-heading\">Atelier CrocVacances<\/h5>\n\n\n\n<h5 class=\"wp-block-heading\">Atelier Livre tactile<\/h5>\n\n\n\n<h5 class=\"wp-block-heading\">Animation Ap\u00e9ro-Jeux<\/h5>\n\n\n\n<p>Venez cr\u00e9er, adapter, r\u00e9parer un jeu de soci\u00e9t\u00e9 \/ jouet d\u2019enfants, etc\u2026Pendant une heure conviviale d&rsquo;\u00e9changes et de partage.<\/p>\n\n\n\n<p><\/p>\n<\/div>\n<\/div>\n\n\n\n<p><\/p>\n","protected":false},"excerpt":{"rendered":"<p>Atelier St\u00e9nop\u00e9 : Fabrique ton appareil photo Le Tactilab propose pendant les vacances scolaires un atelier cr\u00e9atif o\u00f9 les enfants peuvent fabriquer et personnaliser leurs propres st\u00e9nop\u00e9s (anc\u00eatre de l&rsquo;appareil [&hellip;]<\/p>\n","protected":false},"author":1,"featured_media":0,"parent":0,"menu_order":0,"comment_status":"closed","ping_status":"closed","template":"","meta":{"footnotes":""},"class_list":["post-849","page","type-page","status-publish","hentry"],"yoast_head":"<!-- This site is optimized with the Yoast SEO plugin v27.5 - https:\/\/yoast.com\/product\/yoast-seo-wordpress\/ -->\n<title>Animations - TactiLab<\/title>\n<meta name=\"robots\" content=\"index, follow, max-snippet:-1, max-image-preview:large, max-video-preview:-1\" \/>\n<link rel=\"canonical\" href=\"https:\/\/tactilab.org\/index.php\/animations\/\" \/>\n<meta property=\"og:locale\" content=\"fr_FR\" \/>\n<meta property=\"og:type\" content=\"article\" \/>\n<meta property=\"og:title\" content=\"Animations - TactiLab\" \/>\n<meta property=\"og:description\" content=\"Atelier St\u00e9nop\u00e9 : Fabrique ton appareil photo Le Tactilab propose pendant les vacances scolaires un atelier cr\u00e9atif o\u00f9 les enfants peuvent fabriquer et personnaliser leurs propres st\u00e9nop\u00e9s (anc\u00eatre de l&rsquo;appareil [&hellip;]\" \/>\n<meta property=\"og:url\" content=\"https:\/\/tactilab.org\/index.php\/animations\/\" \/>\n<meta property=\"og:site_name\" content=\"TactiLab\" \/>\n<meta property=\"article:modified_time\" content=\"2020-11-24T10:41:11+00:00\" \/>\n<meta name=\"twitter:card\" content=\"summary_large_image\" \/>\n<meta name=\"twitter:label1\" content=\"Dur\u00e9e de lecture estim\u00e9e\" \/>\n\t<meta name=\"twitter:data1\" content=\"1 minute\" \/>\n<script type=\"application\/ld+json\" class=\"yoast-schema-graph\">{\"@context\":\"https:\\\/\\\/schema.org\",\"@graph\":[{\"@type\":\"WebPage\",\"@id\":\"https:\\\/\\\/tactilab.org\\\/index.php\\\/animations\\\/\",\"url\":\"https:\\\/\\\/tactilab.org\\\/index.php\\\/animations\\\/\",\"name\":\"Animations - TactiLab\",\"isPartOf\":{\"@id\":\"https:\\\/\\\/tactilab.org\\\/#website\"},\"datePublished\":\"2020-11-23T16:01:51+00:00\",\"dateModified\":\"2020-11-24T10:41:11+00:00\",\"breadcrumb\":{\"@id\":\"https:\\\/\\\/tactilab.org\\\/index.php\\\/animations\\\/#breadcrumb\"},\"inLanguage\":\"fr-FR\",\"potentialAction\":[{\"@type\":\"ReadAction\",\"target\":[\"https:\\\/\\\/tactilab.org\\\/index.php\\\/animations\\\/\"]}]},{\"@type\":\"BreadcrumbList\",\"@id\":\"https:\\\/\\\/tactilab.org\\\/index.php\\\/animations\\\/#breadcrumb\",\"itemListElement\":[{\"@type\":\"ListItem\",\"position\":1,\"name\":\"Accueil\",\"item\":\"https:\\\/\\\/tactilab.org\\\/\"},{\"@type\":\"ListItem\",\"position\":2,\"name\":\"Animations\"}]},{\"@type\":\"WebSite\",\"@id\":\"https:\\\/\\\/tactilab.org\\\/#website\",\"url\":\"https:\\\/\\\/tactilab.org\\\/\",\"name\":\"TactiLab\",\"description\":\"TactiLab L&#039;atelier singulier\",\"publisher\":{\"@id\":\"https:\\\/\\\/tactilab.org\\\/#organization\"},\"potentialAction\":[{\"@type\":\"SearchAction\",\"target\":{\"@type\":\"EntryPoint\",\"urlTemplate\":\"https:\\\/\\\/tactilab.org\\\/?s={search_term_string}\"},\"query-input\":{\"@type\":\"PropertyValueSpecification\",\"valueRequired\":true,\"valueName\":\"search_term_string\"}}],\"inLanguage\":\"fr-FR\"},{\"@type\":\"Organization\",\"@id\":\"https:\\\/\\\/tactilab.org\\\/#organization\",\"name\":\"TactiLab\",\"url\":\"https:\\\/\\\/tactilab.org\\\/\",\"logo\":{\"@type\":\"ImageObject\",\"inLanguage\":\"fr-FR\",\"@id\":\"https:\\\/\\\/tactilab.org\\\/#\\\/schema\\\/logo\\\/image\\\/\",\"url\":\"https:\\\/\\\/tactilab.org\\\/wp-content\\\/uploads\\\/2020\\\/06\\\/cropped-tactilab-RVB_LOGOcomplet-1-e1592398906865.png\",\"contentUrl\":\"https:\\\/\\\/tactilab.org\\\/wp-content\\\/uploads\\\/2020\\\/06\\\/cropped-tactilab-RVB_LOGOcomplet-1-e1592398906865.png\",\"width\":293,\"height\":250,\"caption\":\"TactiLab\"},\"image\":{\"@id\":\"https:\\\/\\\/tactilab.org\\\/#\\\/schema\\\/logo\\\/image\\\/\"},\"sameAs\":[\"https:\\\/\\\/www.instagram.com\\\/tacti.lab\\\/\"]}]}<\/script>\n<!-- \/ Yoast SEO plugin. -->","yoast_head_json":{"title":"Animations - TactiLab","robots":{"index":"index","follow":"follow","max-snippet":"max-snippet:-1","max-image-preview":"max-image-preview:large","max-video-preview":"max-video-preview:-1"},"canonical":"https:\/\/tactilab.org\/index.php\/animations\/","og_locale":"fr_FR","og_type":"article","og_title":"Animations - TactiLab","og_description":"Atelier St\u00e9nop\u00e9 : Fabrique ton appareil photo Le Tactilab propose pendant les vacances scolaires un atelier cr\u00e9atif o\u00f9 les enfants peuvent fabriquer et personnaliser leurs propres st\u00e9nop\u00e9s (anc\u00eatre de l&rsquo;appareil [&hellip;]","og_url":"https:\/\/tactilab.org\/index.php\/animations\/","og_site_name":"TactiLab","article_modified_time":"2020-11-24T10:41:11+00:00","twitter_card":"summary_large_image","twitter_misc":{"Dur\u00e9e de lecture estim\u00e9e":"1 minute"},"schema":{"@context":"https:\/\/schema.org","@graph":[{"@type":"WebPage","@id":"https:\/\/tactilab.org\/index.php\/animations\/","url":"https:\/\/tactilab.org\/index.php\/animations\/","name":"Animations - TactiLab","isPartOf":{"@id":"https:\/\/tactilab.org\/#website"},"datePublished":"2020-11-23T16:01:51+00:00","dateModified":"2020-11-24T10:41:11+00:00","breadcrumb":{"@id":"https:\/\/tactilab.org\/index.php\/animations\/#breadcrumb"},"inLanguage":"fr-FR","potentialAction":[{"@type":"ReadAction","target":["https:\/\/tactilab.org\/index.php\/animations\/"]}]},{"@type":"BreadcrumbList","@id":"https:\/\/tactilab.org\/index.php\/animations\/#breadcrumb","itemListElement":[{"@type":"ListItem","position":1,"name":"Accueil","item":"https:\/\/tactilab.org\/"},{"@type":"ListItem","position":2,"name":"Animations"}]},{"@type":"WebSite","@id":"https:\/\/tactilab.org\/#website","url":"https:\/\/tactilab.org\/","name":"TactiLab","description":"TactiLab L&#039;atelier singulier","publisher":{"@id":"https:\/\/tactilab.org\/#organization"},"potentialAction":[{"@type":"SearchAction","target":{"@type":"EntryPoint","urlTemplate":"https:\/\/tactilab.org\/?s={search_term_string}"},"query-input":{"@type":"PropertyValueSpecification","valueRequired":true,"valueName":"search_term_string"}}],"inLanguage":"fr-FR"},{"@type":"Organization","@id":"https:\/\/tactilab.org\/#organization","name":"TactiLab","url":"https:\/\/tactilab.org\/","logo":{"@type":"ImageObject","inLanguage":"fr-FR","@id":"https:\/\/tactilab.org\/#\/schema\/logo\/image\/","url":"https:\/\/tactilab.org\/wp-content\/uploads\/2020\/06\/cropped-tactilab-RVB_LOGOcomplet-1-e1592398906865.png","contentUrl":"https:\/\/tactilab.org\/wp-content\/uploads\/2020\/06\/cropped-tactilab-RVB_LOGOcomplet-1-e1592398906865.png","width":293,"height":250,"caption":"TactiLab"},"image":{"@id":"https:\/\/tactilab.org\/#\/schema\/logo\/image\/"},"sameAs":["https:\/\/www.instagram.com\/tacti.lab\/"]}]}},"_links":{"self":[{"href":"https:\/\/tactilab.org\/index.php\/wp-json\/wp\/v2\/pages\/849","targetHints":{"allow":["GET"]}}],"collection":[{"href":"https:\/\/tactilab.org\/index.php\/wp-json\/wp\/v2\/pages"}],"about":[{"href":"https:\/\/tactilab.org\/index.php\/wp-json\/wp\/v2\/types\/page"}],"author":[{"embeddable":true,"href":"https:\/\/tactilab.org\/index.php\/wp-json\/wp\/v2\/users\/1"}],"replies":[{"embeddable":true,"href":"https:\/\/tactilab.org\/index.php\/wp-json\/wp\/v2\/comments?post=849"}],"version-history":[{"count":8,"href":"https:\/\/tactilab.org\/index.php\/wp-json\/wp\/v2\/pages\/849\/revisions"}],"predecessor-version":[{"id":860,"href":"https:\/\/tactilab.org\/index.php\/wp-json\/wp\/v2\/pages\/849\/revisions\/860"}],"wp:attachment":[{"href":"https:\/\/tactilab.org\/index.php\/wp-json\/wp\/v2\/media?parent=849"}],"curies":[{"name":"wp","href":"https:\/\/api.w.org\/{rel}","templated":true}]}}